{"id":633,"date":"2024-07-10T03:37:33","date_gmt":"2024-07-10T03:37:33","guid":{"rendered":"https:\/\/gaminotherapygroup.com\/?page_id=633"},"modified":"2026-01-01T04:13:56","modified_gmt":"2026-01-01T04:13:56","slug":"aslanianfoundation","status":"publish","type":"page","link":"https:\/\/gaminotherapygroup.com\/es\/aslanianfoundation\/","title":{"rendered":"Aslanian Foundation"},"content":{"rendered":"<div class=\"wpb-content-wrapper\"><div class=\"vc_row wpb_row vc_row-fluid\"><div class=\"wpb_column vc_column_container vc_col-sm-12\"><div class=\"vc_column-inner\"><div class=\"wpb_wrapper\"><div id=\"ultimate-heading-388269e77a7315bf1\" class=\"uvc-heading ult-adjust-bottom-margin ultimate-heading-388269e77a7315bf1 uvc-4186\" data-hspacer=\"no_spacer\"  data-halign=\"center\" style=\"text-align:center\"><div class=\"uvc-heading-spacer no_spacer\" style=\"top\"><\/div><div class=\"uvc-main-heading ult-responsive\"  data-ultimate-target='.uvc-heading.ultimate-heading-388269e77a7315bf1 h1'  data-responsive-json-new='{\"font-size\":\"desktop:100px;\",\"line-height\":\"desktop:110px;\"}' ><h1 style=\"font-family:&#039;DM Serif Display&#039;;font-weight:bold;font-weight:normal; font-style:normal;color:#5b9585;margin-top:20px;\">Aslanian Foundation<\/h1><\/div><div class=\"uvc-sub-heading ult-responsive\"  data-ultimate-target='.uvc-heading.ultimate-heading-388269e77a7315bf1 .uvc-sub-heading '  data-responsive-json-new='{\"font-size\":\"desktop:25px;\",\"line-height\":\"\"}'  style=\"font-family:&#039;Montserrat&#039;;font-weight:500;color:#5b9585;\"><strong>Offering Equitable Mental Health Treatment<\/strong><\/div><\/div><div class=\"vc_empty_space\"   style=\"height: 100px\"><span class=\"vc_empty_space_inner\"><\/span><\/div><\/div><\/div><\/div><\/div><div class=\"vc_row wpb_row vc_row-fluid\"><div class=\"wpb_column vc_column_container vc_col-sm-6\"><div class=\"vc_column-inner\"><div class=\"wpb_wrapper\"><div id=\"ultimate-heading-492969e77a731600a\" class=\"uvc-heading ult-adjust-bottom-margin ultimate-heading-492969e77a731600a uvc-8767\" data-hspacer=\"no_spacer\"  data-halign=\"left\" style=\"text-align:left\"><div class=\"uvc-heading-spacer no_spacer\" style=\"top\"><\/div><div class=\"uvc-main-heading ult-responsive\"  data-ultimate-target='.uvc-heading.ultimate-heading-492969e77a731600a h2'  data-responsive-json-new='{\"font-size\":\"desktop:32px;\",\"line-height\":\"desktop:50px;\"}' ><h2 style=\"font-family:&#039;DM Serif Display&#039;;font-weight:bold;font-weight:normal; font-style:normal;color:#5b9585;margin-bottom:20px;\">Nuestra visi\u00f3n<\/h2><\/div><div class=\"uvc-sub-heading ult-responsive\"  data-ultimate-target='.uvc-heading.ultimate-heading-492969e77a731600a .uvc-sub-heading '  data-responsive-json-new='{\"font-size\":\"\",\"line-height\":\"\"}'  style=\"font-weight:normal;\">Our vision is to provide transformative mental health care that empowers individuals to experience freedom and reclaim their lives.<\/div><\/div><div class=\"ult-spacer spacer-69e77a7316062\" data-id=\"69e77a7316062\" data-height=\"20\" data-height-mobile=\"20\" data-height-tab=\"20\" data-height-tab-portrait=\"\" data-height-mobile-landscape=\"\" style=\"clear:both;display:block;\"><\/div><\/div><\/div><\/div><div class=\"wpb_column vc_column_container vc_col-sm-6\"><div class=\"vc_column-inner\"><div class=\"wpb_wrapper\"><div id=\"ultimate-heading-787169e77a7316168\" class=\"uvc-heading ult-adjust-bottom-margin ultimate-heading-787169e77a7316168 uvc-7727\" data-hspacer=\"no_spacer\"  data-halign=\"left\" style=\"text-align:left\"><div class=\"uvc-heading-spacer no_spacer\" style=\"top\"><\/div><div class=\"uvc-main-heading ult-responsive\"  data-ultimate-target='.uvc-heading.ultimate-heading-787169e77a7316168 h2'  data-responsive-json-new='{\"font-size\":\"desktop:32px;\",\"line-height\":\"desktop:50px;\"}' ><h2 style=\"font-family:&#039;DM Serif Display&#039;;font-weight:bold;font-weight:normal; font-style:normal;color:#5b9585;\">Nuestra misi\u00f3n<\/h2><\/div><div class=\"uvc-sub-heading ult-responsive\"  data-ultimate-target='.uvc-heading.ultimate-heading-787169e77a7316168 .uvc-sub-heading '  data-responsive-json-new='{\"font-size\":\"\",\"line-height\":\"\"}'  style=\"font-weight:normal;\">Our mission is to offer equitable access to mental health treatment for uninsured or under-resourced families in the Central Valley. With a team of extensively trained therapists skilled in diverse modalities, our clients are able to receive treatment that leads them toward wholeness. We believe wholeness leads to inner peace, which leads to renewed lives.<\/div><\/div><\/div><\/div><\/div><\/div><div class=\"vc_row wpb_row vc_row-fluid\"><div class=\"wpb_column vc_column_container vc_col-sm-12\"><div class=\"vc_column-inner\"><div class=\"wpb_wrapper\"><div class=\"vc_empty_space\"   style=\"height: 80px\"><span class=\"vc_empty_space_inner\"><\/span><\/div><div id=\"ultimate-heading-843069e77a73163e9\" class=\"uvc-heading ult-adjust-bottom-margin ultimate-heading-843069e77a73163e9 uvc-6070\" data-hspacer=\"no_spacer\"  data-halign=\"center\" style=\"text-align:center\"><div class=\"uvc-heading-spacer no_spacer\" style=\"top\"><\/div><div class=\"uvc-main-heading ult-responsive\"  data-ultimate-target='.uvc-heading.ultimate-heading-843069e77a73163e9 h2'  data-responsive-json-new='{\"font-size\":\"desktop:50px;\",\"line-height\":\"\"}' ><h2 style=\"text-decoration:underline;--font-weight:theme;color:#5b9585;\">Valores<\/h2><\/div><\/div><div class=\"vc_empty_space\"   style=\"height: 75px\"><span class=\"vc_empty_space_inner\"><\/span><\/div><\/div><\/div><\/div><\/div><div class=\"vc_row wpb_row vc_row-fluid\"><div class=\"wpb_column vc_column_container vc_col-sm-12\"><div class=\"vc_column-inner\"><div class=\"wpb_wrapper\"><\/div><\/div><\/div><\/div><div class=\"vc_row wpb_row vc_row-fluid\"><div class=\"wpb_column vc_column_container vc_col-sm-4\"><div class=\"vc_column-inner\"><div class=\"wpb_wrapper\"><div class=\"standard-arrow list-divider bullet-top\"><ul>\n<li>\n<h3><strong><strong>Aprendizaje continuo<br \/>\n<\/strong><\/strong><\/h3>\n<p><span style=\"font-weight: 400;\">El crecimiento profesional es una parte esencial de nuestra profesi\u00f3n para que podamos tratar a nuestros clientes con la mayor experiencia. Esto incluye adquirir nuevas habilidades, asistir a capacitaciones y buscar oportunidades de aprendizaje para seguir cuidando a nuestros clientes.<\/span><\/li>\n<\/ul>\n<\/div><div class=\"ult-spacer spacer-69e77a73167c8\" data-id=\"69e77a73167c8\" data-height=\"20\" data-height-mobile=\"20\" data-height-tab=\"20\" data-height-tab-portrait=\"\" data-height-mobile-landscape=\"\" style=\"clear:both;display:block;\"><\/div><\/div><\/div><\/div><div class=\"wpb_column vc_column_container vc_col-sm-4\"><div class=\"vc_column-inner\"><div class=\"wpb_wrapper\"><div class=\"standard-arrow list-divider bullet-top\"><ul>\n<li>\n<h3><strong><strong>Adoptamos un enfoque integral.<br \/>\n<\/strong><\/strong><\/h3>\n<p>Al comprender que cada persona tiene un origen \u00fanico y una visi\u00f3n del mundo que la hace ser quien es, buscamos comprender a la persona en su totalidad, incluido su estado econ\u00f3mico, cultural, psicol\u00f3gico, social, espiritual y emocional. Adem\u00e1s, trabajamos en colaboraci\u00f3n con otros proveedores de atenci\u00f3n m\u00e9dica para garantizar que nuestros clientes reciban la atenci\u00f3n que necesitan.<\/li>\n<\/ul>\n<\/div><\/div><\/div><\/div><div class=\"wpb_column vc_column_container vc_col-sm-4\"><div class=\"vc_column-inner\"><div class=\"wpb_wrapper\"><div class=\"standard-arrow list-divider bullet-top\"><ul>\n<li>\n<h3><strong><strong>Sea compasivo y cari\u00f1oso<br \/>\n<\/strong><\/strong><\/h3>\n<p>Es importante crear una atm\u00f3sfera en la que las personas puedan ser ellas mismas. Se entiende que preocuparse genuinamente por los valores y necesidades de la otra persona le ayuda a sentirse vista y escuchada. Como m\u00e9dicos, modificaremos nuestras sesiones para brindar la atenci\u00f3n necesaria a nuestros clientes. Para brindar un tratamiento accesible, cuidaremos de nuestros clientes modificando la modalidad de tratamiento cuando sea necesario.<\/li>\n<\/ul>\n<\/div><\/div><\/div><\/div><\/div><div class=\"vc_row wpb_row vc_row-fluid\"><div class=\"wpb_column vc_column_container vc_col-sm-12\"><div class=\"vc_column-inner\"><div class=\"wpb_wrapper\"><div class=\"vc_empty_space\"   style=\"height: 40px\"><span class=\"vc_empty_space_inner\"><\/span><\/div><\/div><\/div><\/div><\/div><div class=\"vc_row wpb_row vc_row-fluid\"><div class=\"wpb_column vc_column_container vc_col-sm-6\"><div class=\"vc_column-inner\"><div class=\"wpb_wrapper\"><div class=\"standard-arrow list-divider bullet-top\"><ul>\n<li>\n<h3><strong>Act\u00faa con integridad<\/strong><\/h3>\n<p>We desire to create a place of trust, reliability, and honesty. Integrity helps establish trust and patients seek out medical providers who they view as honest and reliable. Our goal is to establish open communication with team members and our clients. We will handle our client&#8217;s personal details ethically and confidentially to maintain their trust.<\/li>\n<\/ul>\n<\/div><\/div><\/div><\/div><div class=\"wpb_column vc_column_container vc_col-sm-6\"><div class=\"vc_column-inner\"><div class=\"wpb_wrapper\"><div class=\"standard-arrow list-divider bullet-top\"><ul>\n<li>\n<h3><strong><strong>Divertirse<\/strong><\/strong><\/h3>\n<p>Ayudar a las personas a avanzar hacia la curaci\u00f3n puede ser un trabajo serio, pero tratamos de incorporar diversi\u00f3n con nuestros clientes y miembros del equipo siempre que sea posible.<\/li>\n<\/ul>\n<\/div><\/div><\/div><\/div><div class=\"wpb_column vc_column_container vc_col-sm-12\"><div class=\"vc_column-inner\"><div class=\"wpb_wrapper\"><div class=\"vc_empty_space\"   style=\"height: 100px\"><span class=\"vc_empty_space_inner\"><\/span><\/div><\/div><\/div><\/div><\/div><div class=\"vc_row wpb_row vc_row-fluid\"><div class=\"wpb_column vc_column_container vc_col-sm-12\"><div class=\"vc_column-inner\"><div class=\"wpb_wrapper\"><div class=\"vc_separator wpb_content_element vc_separator_align_center vc_sep_width_10 vc_sep_pos_align_left vc_separator_no_text vc_sep_color_grey wpb_content_element  wpb_content_element\" ><span class=\"vc_sep_holder vc_sep_holder_l\"><span class=\"vc_sep_line\"><\/span><\/span><span class=\"vc_sep_holder vc_sep_holder_r\"><span class=\"vc_sep_line\"><\/span><\/span>\n<\/div>\n\t<div class=\"wpb_text_column wpb_content_element\" >\n\t\t<div class=\"wpb_wrapper\">\n\t\t\t<h1 style=\"text-align: center;\">Do you want to partner with Aslanian Foundation?<\/h1>\n<p>Please contact our office at 559-431-3900 for further information<\/p>\n\n\t\t<\/div>\n\t<\/div>\n<style type=\"text\/css\" data-type=\"the7_shortcodes-inline-css\">.shortcode-single-image-wrap.shortcode-single-image-ce22855986b1928eb7d51fdeff280e8e.enable-bg-rollover .rollover i,\n.shortcode-single-image-wrap.shortcode-single-image-ce22855986b1928eb7d51fdeff280e8e.enable-bg-rollover .rollover-video i {\n  background: -webkit-linear-gradient();\n  background: linear-gradient();\n}\n.shortcode-single-image-wrap.shortcode-single-image-ce22855986b1928eb7d51fdeff280e8e .rollover-icon {\n  font-size: 32px;\n  color: #ffffff;\n  min-width: 44px;\n  min-height: 44px;\n  line-height: 44px;\n  border-radius: 100px;\n  border-style: solid;\n  border-width: 0px;\n}\n.dt-icon-bg-on.shortcode-single-image-wrap.shortcode-single-image-ce22855986b1928eb7d51fdeff280e8e .rollover-icon {\n  background: rgba(255,255,255,0.3);\n  box-shadow: none;\n}<\/style><div class=\"shortcode-single-image-wrap shortcode-single-image-ce22855986b1928eb7d51fdeff280e8e alignright  enable-bg-rollover dt-icon-bg-off\" style=\"margin-top:0px; margin-bottom:0px; margin-left:0px; margin-right:0px; width:500px;\"><div class=\"shortcode-single-image\"><div class=\"fancy-media-wrap  layzr-bg\" style=\"\"><img decoding=\"async\" class=\"lazy-load\" src=\"data:image\/svg+xml;charset=utf-8,%3Csvg xmlns%3D&#039;http%3A%2F%2Fwww.w3.org%2F2000%2Fsvg&#039; viewBox%3D&#039;0 0 500 0&#039;%2F%3E\" width=\"500\" dt-data-location=\"https:\/\/tentalents.fcsuite.com\/erp\/donate\/create\/fund?funit_id=1726\" data-srcset=\"https:\/\/tentalents.fcsuite.com\/erp\/donate\/create\/fund?funit_id=1726 500w\" data-src=\"https:\/\/tentalents.fcsuite.com\/erp\/donate\/create\/fund?funit_id=1726\" \/><\/div><\/div><\/div><style type=\"text\/css\" data-type=\"the7_shortcodes-inline-css\">.shortcode-single-image-wrap.shortcode-single-image-c156e5e2fff4b49d1a5c0b478787d120.enable-bg-rollover .rollover i,\n.shortcode-single-image-wrap.shortcode-single-image-c156e5e2fff4b49d1a5c0b478787d120.enable-bg-rollover .rollover-video i {\n  background: -webkit-linear-gradient();\n  background: linear-gradient();\n}\n.shortcode-single-image-wrap.shortcode-single-image-c156e5e2fff4b49d1a5c0b478787d120 .rollover-icon {\n  font-size: 32px;\n  color: #ffffff;\n  min-width: 44px;\n  min-height: 44px;\n  line-height: 44px;\n  border-radius: 100px;\n  border-style: solid;\n  border-width: 0px;\n}\n.dt-icon-bg-on.shortcode-single-image-wrap.shortcode-single-image-c156e5e2fff4b49d1a5c0b478787d120 .rollover-icon {\n  background: rgba(255,255,255,0.3);\n  box-shadow: none;\n}<\/style><\/div><\/div><\/div><\/div>\n<\/div>","protected":false},"excerpt":{"rendered":"<p>Aslanian FoundationOffering Equitable Mental Health TreatmentOur VisionOur vision is to provide transformative mental health care that empowers individuals to experience freedom and reclaim their lives.Our MissionOur mission is to offer equitable access to mental health treatment for uninsured or under-resourced families in the Central Valley. With a team of extensively trained therapists skilled in diverse&hellip;<\/p>","protected":false},"author":5,"featured_media":0,"parent":0,"menu_order":0,"comment_status":"closed","ping_status":"closed","template":"","meta":{"_monsterinsights_skip_tracking":false,"_monsterinsights_sitenote_active":false,"_monsterinsights_sitenote_note":"","_monsterinsights_sitenote_category":0,"footnotes":""},"class_list":["post-633","page","type-page","status-publish","hentry","description-off"],"yoast_head":"<!-- This site is optimized with the Yoast SEO plugin v27.4 - https:\/\/yoast.com\/product\/yoast-seo-wordpress\/ -->\n<title>Gamino Family Therapy Group |<\/title>\n<meta name=\"robots\" content=\"index, follow, max-snippet:-1, max-image-preview:large, max-video-preview:-1\" \/>\n<link rel=\"canonical\" href=\"https:\/\/gaminotherapygroup.com\/es\/aslanianfoundation\/\" \/>\n<meta property=\"og:locale\" content=\"es_MX\" \/>\n<meta property=\"og:type\" content=\"article\" \/>\n<meta property=\"og:title\" content=\"Gamino Family Therapy Group |\" \/>\n<meta property=\"og:url\" content=\"https:\/\/gaminotherapygroup.com\/es\/aslanianfoundation\/\" \/>\n<meta property=\"og:site_name\" content=\"Gamino Family Therapy Group\" \/>\n<meta property=\"article:modified_time\" content=\"2026-01-01T04:13:56+00:00\" \/>\n<meta property=\"og:image\" content=\"https:\/\/gaminotherapygroup.com\/wp-content\/uploads\/2023\/08\/Gamino-Family-Therapy-Group-Logo.png\" \/>\n\t<meta property=\"og:image:width\" content=\"180\" \/>\n\t<meta property=\"og:image:height\" content=\"130\" \/>\n\t<meta property=\"og:image:type\" content=\"image\/png\" \/>\n<meta name=\"twitter:card\" content=\"summary_large_image\" \/>\n<meta name=\"twitter:label1\" content=\"Tiempo de lectura\" \/>\n\t<meta name=\"twitter:data1\" content=\"3 minutos\" \/>\n<script type=\"application\/ld+json\" class=\"yoast-schema-graph\">{\"@context\":\"https:\\\/\\\/schema.org\",\"@graph\":[{\"@type\":\"WebPage\",\"@id\":\"https:\\\/\\\/gaminotherapygroup.com\\\/aslanianfoundation\\\/\",\"url\":\"https:\\\/\\\/gaminotherapygroup.com\\\/aslanianfoundation\\\/\",\"name\":\"Gamino Family Therapy Group |\",\"isPartOf\":{\"@id\":\"https:\\\/\\\/gaminotherapygroup.com\\\/#website\"},\"datePublished\":\"2024-07-10T03:37:33+00:00\",\"dateModified\":\"2026-01-01T04:13:56+00:00\",\"breadcrumb\":{\"@id\":\"https:\\\/\\\/gaminotherapygroup.com\\\/aslanianfoundation\\\/#breadcrumb\"},\"inLanguage\":\"es\",\"potentialAction\":[{\"@type\":\"ReadAction\",\"target\":[\"https:\\\/\\\/gaminotherapygroup.com\\\/aslanianfoundation\\\/\"]}]},{\"@type\":\"BreadcrumbList\",\"@id\":\"https:\\\/\\\/gaminotherapygroup.com\\\/aslanianfoundation\\\/#breadcrumb\",\"itemListElement\":[{\"@type\":\"ListItem\",\"position\":1,\"name\":\"Home\",\"item\":\"https:\\\/\\\/gaminotherapygroup.com\\\/\"},{\"@type\":\"ListItem\",\"position\":2,\"name\":\"Aslanian Foundation\"}]},{\"@type\":\"WebSite\",\"@id\":\"https:\\\/\\\/gaminotherapygroup.com\\\/#website\",\"url\":\"https:\\\/\\\/gaminotherapygroup.com\\\/\",\"name\":\"Gamino Family Therapy Group\",\"description\":\"\",\"publisher\":{\"@id\":\"https:\\\/\\\/gaminotherapygroup.com\\\/#organization\"},\"potentialAction\":[{\"@type\":\"SearchAction\",\"target\":{\"@type\":\"EntryPoint\",\"urlTemplate\":\"https:\\\/\\\/gaminotherapygroup.com\\\/?s={search_term_string}\"},\"query-input\":{\"@type\":\"PropertyValueSpecification\",\"valueRequired\":true,\"valueName\":\"search_term_string\"}}],\"inLanguage\":\"es\"},{\"@type\":\"Organization\",\"@id\":\"https:\\\/\\\/gaminotherapygroup.com\\\/#organization\",\"name\":\"Gamino Family Therapy Group\",\"alternateName\":\"Gamino Therapy Group\",\"url\":\"https:\\\/\\\/gaminotherapygroup.com\\\/\",\"logo\":{\"@type\":\"ImageObject\",\"inLanguage\":\"es\",\"@id\":\"https:\\\/\\\/gaminotherapygroup.com\\\/#\\\/schema\\\/logo\\\/image\\\/\",\"url\":\"https:\\\/\\\/gaminotherapygroup.com\\\/wp-content\\\/uploads\\\/2023\\\/08\\\/Gamino-Family-Therapy-Group-Logo.png\",\"contentUrl\":\"https:\\\/\\\/gaminotherapygroup.com\\\/wp-content\\\/uploads\\\/2023\\\/08\\\/Gamino-Family-Therapy-Group-Logo.png\",\"width\":180,\"height\":130,\"caption\":\"Gamino Family Therapy Group\"},\"image\":{\"@id\":\"https:\\\/\\\/gaminotherapygroup.com\\\/#\\\/schema\\\/logo\\\/image\\\/\"}}]}<\/script>\n<!-- \/ Yoast SEO plugin. -->","yoast_head_json":{"title":"Gamino Family Therapy Group |","robots":{"index":"index","follow":"follow","max-snippet":"max-snippet:-1","max-image-preview":"max-image-preview:large","max-video-preview":"max-video-preview:-1"},"canonical":"https:\/\/gaminotherapygroup.com\/es\/aslanianfoundation\/","og_locale":"es_MX","og_type":"article","og_title":"Gamino Family Therapy Group |","og_url":"https:\/\/gaminotherapygroup.com\/es\/aslanianfoundation\/","og_site_name":"Gamino Family Therapy Group","article_modified_time":"2026-01-01T04:13:56+00:00","og_image":[{"width":180,"height":130,"url":"https:\/\/gaminotherapygroup.com\/wp-content\/uploads\/2023\/08\/Gamino-Family-Therapy-Group-Logo.png","type":"image\/png"}],"twitter_card":"summary_large_image","twitter_misc":{"Tiempo de lectura":"3 minutos"},"schema":{"@context":"https:\/\/schema.org","@graph":[{"@type":"WebPage","@id":"https:\/\/gaminotherapygroup.com\/aslanianfoundation\/","url":"https:\/\/gaminotherapygroup.com\/aslanianfoundation\/","name":"Gamino Family Therapy Group |","isPartOf":{"@id":"https:\/\/gaminotherapygroup.com\/#website"},"datePublished":"2024-07-10T03:37:33+00:00","dateModified":"2026-01-01T04:13:56+00:00","breadcrumb":{"@id":"https:\/\/gaminotherapygroup.com\/aslanianfoundation\/#breadcrumb"},"inLanguage":"es","potentialAction":[{"@type":"ReadAction","target":["https:\/\/gaminotherapygroup.com\/aslanianfoundation\/"]}]},{"@type":"BreadcrumbList","@id":"https:\/\/gaminotherapygroup.com\/aslanianfoundation\/#breadcrumb","itemListElement":[{"@type":"ListItem","position":1,"name":"Home","item":"https:\/\/gaminotherapygroup.com\/"},{"@type":"ListItem","position":2,"name":"Aslanian Foundation"}]},{"@type":"WebSite","@id":"https:\/\/gaminotherapygroup.com\/#website","url":"https:\/\/gaminotherapygroup.com\/","name":"Grupo de Terapia Familiar Gamino","description":"","publisher":{"@id":"https:\/\/gaminotherapygroup.com\/#organization"},"potentialAction":[{"@type":"SearchAction","target":{"@type":"EntryPoint","urlTemplate":"https:\/\/gaminotherapygroup.com\/?s={search_term_string}"},"query-input":{"@type":"PropertyValueSpecification","valueRequired":true,"valueName":"search_term_string"}}],"inLanguage":"es"},{"@type":"Organization","@id":"https:\/\/gaminotherapygroup.com\/#organization","name":"Grupo de Terapia Familiar Gamino","alternateName":"Gamino Therapy Group","url":"https:\/\/gaminotherapygroup.com\/","logo":{"@type":"ImageObject","inLanguage":"es","@id":"https:\/\/gaminotherapygroup.com\/#\/schema\/logo\/image\/","url":"https:\/\/gaminotherapygroup.com\/wp-content\/uploads\/2023\/08\/Gamino-Family-Therapy-Group-Logo.png","contentUrl":"https:\/\/gaminotherapygroup.com\/wp-content\/uploads\/2023\/08\/Gamino-Family-Therapy-Group-Logo.png","width":180,"height":130,"caption":"Gamino Family Therapy Group"},"image":{"@id":"https:\/\/gaminotherapygroup.com\/#\/schema\/logo\/image\/"}}]}},"featured_image_src":null,"featured_image_src_square":null,"_links":{"self":[{"href":"https:\/\/gaminotherapygroup.com\/es\/wp-json\/wp\/v2\/pages\/633","targetHints":{"allow":["GET"]}}],"collection":[{"href":"https:\/\/gaminotherapygroup.com\/es\/wp-json\/wp\/v2\/pages"}],"about":[{"href":"https:\/\/gaminotherapygroup.com\/es\/wp-json\/wp\/v2\/types\/page"}],"author":[{"embeddable":true,"href":"https:\/\/gaminotherapygroup.com\/es\/wp-json\/wp\/v2\/users\/5"}],"replies":[{"embeddable":true,"href":"https:\/\/gaminotherapygroup.com\/es\/wp-json\/wp\/v2\/comments?post=633"}],"version-history":[{"count":41,"href":"https:\/\/gaminotherapygroup.com\/es\/wp-json\/wp\/v2\/pages\/633\/revisions"}],"predecessor-version":[{"id":798,"href":"https:\/\/gaminotherapygroup.com\/es\/wp-json\/wp\/v2\/pages\/633\/revisions\/798"}],"wp:attachment":[{"href":"https:\/\/gaminotherapygroup.com\/es\/wp-json\/wp\/v2\/media?parent=633"}],"curies":[{"name":"wp","href":"https:\/\/api.w.org\/{rel}","templated":true}]}}